{"id":660,"date":"2020-04-01T15:30:39","date_gmt":"2020-04-01T14:30:39","guid":{"rendered":"http:\/\/mc.ufo-informatik.ch\/?page_id=660"},"modified":"2020-04-02T14:48:54","modified_gmt":"2020-04-02T13:48:54","slug":"cloud","status":"publish","type":"page","link":"https:\/\/ufo-informatik.ch\/?page_id=660","title":{"rendered":"Cloud"},"content":{"rendered":"\n<h3 class=\"wp-block-heading\">IT-Dienste ausgelagert<\/h3>\n\n\n\n<p>Ihr Unternehmen will sich auf seine Kern-Aufgabe konzentrieren, und Informatik-Mittel einsetzen, ohne sich selber darum k\u00fcmmern zu m\u00fcssen. IT as-a-Service ist die Antwort.<\/p>\n\n\n\n<div class=\"wp-block-columns is-layout-flex wp-container-core-columns-is-layout-28f84493 wp-block-columns-is-layout-flex\">\n<div class=\"wp-block-column is-layout-flow wp-block-column-is-layout-flow\" style=\"flex-basis:33.33%\">\n<figure class=\"wp-block-image size-large\"><img loading=\"lazy\" decoding=\"async\" width=\"460\" height=\"270\" src=\"http:\/\/ufo-informatik.ch\/wp-content\/uploads\/cloud-config.jpg\" alt=\"\" class=\"wp-image-676\" srcset=\"https:\/\/ufo-informatik.ch\/wp-content\/uploads\/cloud-config.jpg 460w, https:\/\/ufo-informatik.ch\/wp-content\/uploads\/cloud-config-300x176.jpg 300w, https:\/\/ufo-informatik.ch\/wp-content\/uploads\/cloud-config-230x135.jpg 230w, https:\/\/ufo-informatik.ch\/wp-content\/uploads\/cloud-config-350x205.jpg 350w\" sizes=\"auto, (max-width: 460px) 100vw, 460px\" \/><\/figure>\n<\/div>\n\n\n\n<div class=\"wp-block-column is-layout-flow wp-block-column-is-layout-flow\" style=\"flex-basis:66.66%\">\n<p>Angefangen bei den&nbsp; Anwendungs-Programmen bis zu der Datenbank, dem Datei-Server oder den Backup-Ger\u00e4ten m\u00fcssen Sie keine Anschaffung mehr machen, sondern Sie nutzen bestehende Systeme, welche optimal ausgelasted sind und laufend gewartet und erneuert werden.<\/p>\n<\/div>\n<\/div>\n\n\n\n<p>Hardware-Ausfall, Stromausfall oder unsachgem\u00e4sse Bedienung sind kein Thema mehr.<\/p>\n\n\n\n<p>Auch Steuern lassen sich sparen, indem Abonnemente nicht als Insvestitionskosten in der Bilanz gef\u00fchrt werden m\u00fcssen.<\/p>\n\n\n\n<p>Als Experten beraten wir Sie in Cloud-Fragen, installieren alles f\u00fcr Sie und verwalten und administrieren die Services so lange f\u00fcr Sie, wie Sie sie nutzen. Wir arbeiten mit den gr\u00f6ssten Cloud-Anbietern zusammen und setzen auf schweizer Anbieter, wo immer m\u00f6glich.<\/p>\n\n\n\n<figure class=\"wp-block-image size-large\"><img loading=\"lazy\" decoding=\"async\" width=\"862\" height=\"640\" src=\"http:\/\/ufo-informatik.ch\/wp-content\/uploads\/service-uebersicht.jpg\" alt=\"\" class=\"wp-image-677\" srcset=\"https:\/\/ufo-informatik.ch\/wp-content\/uploads\/service-uebersicht.jpg 862w, https:\/\/ufo-informatik.ch\/wp-content\/uploads\/service-uebersicht-300x223.jpg 300w, https:\/\/ufo-informatik.ch\/wp-content\/uploads\/service-uebersicht-768x570.jpg 768w, https:\/\/ufo-informatik.ch\/wp-content\/uploads\/service-uebersicht-830x616.jpg 830w, https:\/\/ufo-informatik.ch\/wp-content\/uploads\/service-uebersicht-230x171.jpg 230w, https:\/\/ufo-informatik.ch\/wp-content\/uploads\/service-uebersicht-350x260.jpg 350w, https:\/\/ufo-informatik.ch\/wp-content\/uploads\/service-uebersicht-480x356.jpg 480w\" sizes=\"auto, (max-width: 862px) 100vw, 862px\" \/><\/figure>\n\n\n\n<p><\/p>\n\n\n\n<p><\/p>\n\n\n\n<p><\/p>\n","protected":false},"excerpt":{"rendered":"<p>IT-Dienste ausgelagert Ihr Unternehmen will sich auf seine Kern-Aufgabe konzentrieren, und Informatik-Mittel einsetzen, ohne sich selber darum k\u00fcmmern zu m\u00fcssen. IT as-a-Service [&hellip;]<\/p>\n","protected":false},"author":1,"featured_media":0,"parent":707,"menu_order":0,"comment_status":"closed","ping_status":"closed","template":"","meta":{"footnotes":""},"class_list":["post-660","page","type-page","status-publish","hentry"],"aioseo_notices":[],"_links":{"self":[{"href":"https:\/\/ufo-informatik.ch\/index.php?rest_route=\/wp\/v2\/pages\/660","targetHints":{"allow":["GET"]}}],"collection":[{"href":"https:\/\/ufo-informatik.ch\/index.php?rest_route=\/wp\/v2\/pages"}],"about":[{"href":"https:\/\/ufo-informatik.ch\/index.php?rest_route=\/wp\/v2\/types\/page"}],"author":[{"embeddable":true,"href":"https:\/\/ufo-informatik.ch\/index.php?rest_route=\/wp\/v2\/users\/1"}],"replies":[{"embeddable":true,"href":"https:\/\/ufo-informatik.ch\/index.php?rest_route=%2Fwp%2Fv2%2Fcomments&post=660"}],"version-history":[{"count":4,"href":"https:\/\/ufo-informatik.ch\/index.php?rest_route=\/wp\/v2\/pages\/660\/revisions"}],"predecessor-version":[{"id":765,"href":"https:\/\/ufo-informatik.ch\/index.php?rest_route=\/wp\/v2\/pages\/660\/revisions\/765"}],"up":[{"embeddable":true,"href":"https:\/\/ufo-informatik.ch\/index.php?rest_route=\/wp\/v2\/pages\/707"}],"wp:attachment":[{"href":"https:\/\/ufo-informatik.ch\/index.php?rest_route=%2Fwp%2Fv2%2Fmedia&parent=660"}],"curies":[{"name":"wp","href":"https:\/\/api.w.org\/{rel}","templated":true}]}}