{"id":712,"date":"2020-04-02T14:57:56","date_gmt":"2020-04-02T13:57:56","guid":{"rendered":"http:\/\/mc.ufo-informatik.ch\/?page_id=712"},"modified":"2020-05-10T19:24:27","modified_gmt":"2020-05-10T17:24:27","slug":"programmieren","status":"publish","type":"page","link":"https:\/\/ufo-informatik.ch\/?page_id=712","title":{"rendered":"Programmieren"},"content":{"rendered":"\n<h3 class=\"wp-block-heading\">Scripting<\/h3>\n\n\n\n<p>Unter Scripts versteht man kleinere Programme, die meist in einer Interpreter-Sprache<br \/>formuliert sind, also nicht kompilliert werden.<\/p>\n\n\n\n<p>Beispiele daf\u00fcr sind:<\/p>\n\n\n\n<p>&#8211; Perl<br \/>&#8211; Shell-Script<br \/>&#8211; Winbatch<br \/>&#8211; Python<\/p>\n\n\n\n<p>Diese Scripte werden meist f\u00fcr systemnahe Aufgaben erstellt, die t\u00e4gliche administrativen Vorg\u00e4nge automatisch ausf\u00fchren:<\/p>\n\n\n\n<p>&#8211; \u00dcberwachen von Systemen<br \/>&#8211; Sicherung durchf\u00fchren<br \/>&#8211; Dateien durchsuchen und auswerten<br \/>&#8211; Statistiken erstellen<br \/>&#8211; Aufr\u00e4um-Arbeiten<\/p>\n\n\n\n<h3 class=\"wp-block-heading\">Programmieren<\/h3>\n\n\n\n<p>Anwendungsprogramme, in h\u00f6heren Sprachen wie Java oder C++ etc. geschrieben, m\u00fcssen vor der Inbetriebnahme compilliert (in Maschinenbefehle \u00fcbersetzt) werden.<\/p>\n\n\n\n<p>Man kennt eine grosse Anzahl Standard-Programme (z.B. Textverarbeitung, Bildbearbeitung etc.)<br \/>Diese sind relativ g\u00fcnstig in der Beschaffung und daf\u00fcr beschr\u00e4nkt benutzbar f\u00fcr individuelle Firmen-Prozesse.<\/p>\n\n\n\n<p>Unterschieden werden Client-Server (bzw. multi-tier \/ mehrschichtige) Anwendungen von Einzelplatzanwendungen.<\/p>\n\n\n\n<p>Grosser Beliebtheit erfreuen sich heute Webapplikationen. Hier handelt es sich um mehrschicht-Applikationen bei denen der Client einfach der Browser auf dem Desktop-PC ist, was einige Vorteile mit sich bringt.<\/p>\n\n\n\n<p>Nach wie vor werden spezifische Aufgaben von spezialisierten Applikationen wahrgenommen, die genau auf die Bed\u00fcrfnisse des Kunden abgestimmt sind. Die h\u00f6here Effizienz und Anpassungsf\u00e4higkeit machen die etwas h\u00f6heren Kosten wett.<\/p>\n\n\n\n<p>Gleich welchen Ansatz Sie w\u00e4hlen, wir Beraten Sie und begleiten Sie bis zur richtigen L\u00f6sung.<\/p>\n","protected":false},"excerpt":{"rendered":"<p>Scripting Unter Scripts versteht man kleinere Programme, die meist in einer Interpreter-Spracheformuliert sind, also nicht kompilliert werden. Beispiele daf\u00fcr sind: &#8211; Perl&#8211; [&hellip;]<\/p>\n","protected":false},"author":1,"featured_media":0,"parent":707,"menu_order":0,"comment_status":"closed","ping_status":"closed","template":"","meta":{"footnotes":""},"class_list":["post-712","page","type-page","status-publish","hentry"],"aioseo_notices":[],"_links":{"self":[{"href":"https:\/\/ufo-informatik.ch\/index.php?rest_route=\/wp\/v2\/pages\/712","targetHints":{"allow":["GET"]}}],"collection":[{"href":"https:\/\/ufo-informatik.ch\/index.php?rest_route=\/wp\/v2\/pages"}],"about":[{"href":"https:\/\/ufo-informatik.ch\/index.php?rest_route=\/wp\/v2\/types\/page"}],"author":[{"embeddable":true,"href":"https:\/\/ufo-informatik.ch\/index.php?rest_route=\/wp\/v2\/users\/1"}],"replies":[{"embeddable":true,"href":"https:\/\/ufo-informatik.ch\/index.php?rest_route=%2Fwp%2Fv2%2Fcomments&post=712"}],"version-history":[{"count":3,"href":"https:\/\/ufo-informatik.ch\/index.php?rest_route=\/wp\/v2\/pages\/712\/revisions"}],"predecessor-version":[{"id":762,"href":"https:\/\/ufo-informatik.ch\/index.php?rest_route=\/wp\/v2\/pages\/712\/revisions\/762"}],"up":[{"embeddable":true,"href":"https:\/\/ufo-informatik.ch\/index.php?rest_route=\/wp\/v2\/pages\/707"}],"wp:attachment":[{"href":"https:\/\/ufo-informatik.ch\/index.php?rest_route=%2Fwp%2Fv2%2Fmedia&parent=712"}],"curies":[{"name":"wp","href":"https:\/\/api.w.org\/{rel}","templated":true}]}}